{"id":3,"date":"2025-05-04T20:02:28","date_gmt":"2025-05-04T20:02:28","guid":{"rendered":"http:\/\/intiqara.com\/?page_id=3"},"modified":"2026-03-13T13:26:43","modified_gmt":"2026-03-13T18:26:43","slug":"privacy-policy-2","status":"publish","type":"page","link":"https:\/\/intiqara.com\/en\/privacy-policy-2\/","title":{"rendered":"AVISO DE PRIVACIDAD"},"content":{"rendered":"<p>Pol\u00edtica de Tratamiento de Datos Personales<\/p>\n\n\n\n<div class=\"wp-block-stackable-text stk-block-text stk-block stk-e0ce8fb\" data-block-id=\"e0ce8fb\"><p class=\"stk-block-text__text\">En INTIQARA, respetamos la privacidad de nuestros clientes y protegemos la informaci\u00f3n personal que nos comparten a trav\u00e9s de nuestro sitio web.<\/p><\/div>\n\n\n\n<div class=\"wp-block-stackable-text stk-block-text stk-block stk-cbb1f42\" data-block-id=\"cbb1f42\"><p class=\"stk-block-text__text\">Al realizar una compra, registrarse o contactarse con nosotros mediante nuestra p\u00e1gina web o canales digitales, el cliente autoriza a INTIQARA a recolectar, almacenar y utilizar sus datos personales con las siguientes finalidades:<\/p><\/div>\n\n\n\n<ul class=\"wp-block-list\">\n<li>Procesar y gestionar pedidos realizados en la tienda online.<\/li>\n\n\n\n<li>Coordinar el env\u00edo y entrega de los productos adquiridos.<\/li>\n\n\n\n<li>Contactar al cliente para confirmar compras o brindar informaci\u00f3n relacionada con su pedido.<\/li>\n\n\n\n<li>Enviar informaci\u00f3n sobre promociones, novedades o productos de la marca, cuando el cliente lo autorice.<\/li>\n<\/ul>\n\n\n\n<div class=\"wp-block-stackable-text stk-block-text stk-block stk-7f73501\" data-block-id=\"7f73501\"><p class=\"stk-block-text__text\">Los datos personales que podemos solicitar incluyen:<\/p><\/div>\n\n\n\n<ul class=\"wp-block-list\">\n<li>Nombre y apellido<\/li>\n\n\n\n<li>N\u00famero de tel\u00e9fono<\/li>\n\n\n\n<li>Direcci\u00f3n de env\u00edo<\/li>\n\n\n\n<li>Correo electr\u00f3nico<\/li>\n<\/ul>\n\n\n\n<div class=\"wp-block-stackable-text stk-block-text stk-block stk-a290ec7\" data-block-id=\"a290ec7\"><p class=\"stk-block-text__text\">INTIQARA se compromete a proteger la informaci\u00f3n personal de sus clientes y a no vender ni compartir dichos datos con terceros, excepto cuando sea necesario para el procesamiento del pago o la entrega del pedido, como en el caso de transportadoras o plataformas de pago.<\/p><\/div>\n\n\n\n<div class=\"wp-block-stackable-text stk-block-text stk-block stk-6025f24\" data-block-id=\"6025f24\"><p class=\"stk-block-text__text\">El titular de los datos podr\u00e1 en cualquier momento solicitar:<\/p><\/div>\n\n\n\n<ul class=\"wp-block-list\">\n<li>Conocer, actualizar o corregir su informaci\u00f3n personal.<\/li>\n\n\n\n<li>Solicitar la eliminaci\u00f3n de sus datos de nuestra base de datos.<\/li>\n<\/ul>\n\n\n\n<div class=\"wp-block-stackable-text stk-block-text stk-block stk-0a31c93\" data-block-id=\"0a31c93\"><p class=\"stk-block-text__text\">Para ejercer estos derechos, el cliente puede comunicarse a trav\u00e9s de nuestros canales oficiales de contacto.<\/p><\/div>\n\n\n\n<div class=\"wp-block-stackable-text stk-block-text stk-block stk-37bcd62\" data-block-id=\"37bcd62\"><p class=\"stk-block-text__text\"><\/p><\/div>","protected":false},"excerpt":{"rendered":"<p>Pol\u00edtica de Tratamiento de Datos Personales En INTIQARA, respetamos la privacidad de nuestros clientes y protegemos la informaci\u00f3n personal que nos comparten a trav\u00e9s de nuestro sitio web. Al realizar una compra, registrarse o contactarse con nosotros mediante nuestra p\u00e1gina web o canales digitales, el cliente autoriza a INTIQARA a recolectar, almacenar y utilizar sus [&hellip;]<\/p>\n","protected":false},"author":1,"featured_media":0,"parent":0,"menu_order":0,"comment_status":"closed","ping_status":"open","template":"","meta":{"footnotes":""},"class_list":["post-3","page","type-page","status-publish","hentry"],"blocksy_meta":[],"aioseo_notices":[],"_hostinger_reach_plugin_has_subscription_block":false,"_hostinger_reach_plugin_is_elementor":false,"_links":{"self":[{"href":"https:\/\/intiqara.com\/en\/wp-json\/wp\/v2\/pages\/3","targetHints":{"allow":["GET"]}}],"collection":[{"href":"https:\/\/intiqara.com\/en\/wp-json\/wp\/v2\/pages"}],"about":[{"href":"https:\/\/intiqara.com\/en\/wp-json\/wp\/v2\/types\/page"}],"author":[{"embeddable":true,"href":"https:\/\/intiqara.com\/en\/wp-json\/wp\/v2\/users\/1"}],"replies":[{"embeddable":true,"href":"https:\/\/intiqara.com\/en\/wp-json\/wp\/v2\/comments?post=3"}],"version-history":[{"count":2,"href":"https:\/\/intiqara.com\/en\/wp-json\/wp\/v2\/pages\/3\/revisions"}],"predecessor-version":[{"id":3375,"href":"https:\/\/intiqara.com\/en\/wp-json\/wp\/v2\/pages\/3\/revisions\/3375"}],"wp:attachment":[{"href":"https:\/\/intiqara.com\/en\/wp-json\/wp\/v2\/media?parent=3"}],"curies":[{"name":"wp","href":"https:\/\/api.w.org\/{rel}","templated":true}]}}