{"id":1362,"date":"2025-07-16T13:38:58","date_gmt":"2025-07-16T18:38:58","guid":{"rendered":"https:\/\/intiqara.com\/?post_type=product&#038;p=1362"},"modified":"2026-03-25T23:47:01","modified_gmt":"2026-03-26T04:47:01","slug":"morral-quilla","status":"publish","type":"product","link":"https:\/\/intiqara.com\/en\/product\/morral-quilla\/","title":{"rendered":"MORRAL QUILLA"},"content":{"rendered":"<p>\u00a8Descubre la m\u00e1xima expresi\u00f3n de organizaci\u00f3n y estilo con el Morral Quilla de IntiQara. Dise\u00f1ado para explorador urbano y el profesional que no compromete la calidad, este morral se convierte en tu compa\u00f1ero indispensable, ofreciendo una soluci\u00f3n elegante y segura para llevar todo lo que necesitas, desde la oficina hasta tu pr\u00f3xima aventura\u00a8<\/p>","protected":false},"excerpt":{"rendered":"<ul>\n<li>Material Exterior: Cuero 100% genuino<\/li>\n<li>Dimensiones : Alto\u00a0 40 cm \/ Largo 29 cm \/ Ancho 12 cm<\/li>\n<li>1 compartimiento principal con cierre , apto para port\u00e1til de 14 pulgadas<\/li>\n<li>1 bolsillo interno con cierre<\/li>\n<li>2 bolsillos delanteros con cierre<\/li>\n<li>1 bolsillo posterior<\/li>\n<li>2 Morraleras (bolsillos laterales para botellas de agua\/ objetos peque\u00f1os)<\/li>\n<li>Asa para la maleta de viaje<\/li>\n<li>Herrajes met\u00e1licos con acabado Brush<\/li>\n<li>Manufactura Artesanal<\/li>\n<\/ul>","protected":false},"featured_media":2720,"template":"","meta":[],"product_brand":[],"product_cat":[75,28,214,215,76],"product_tag":[69,231,224,225,70],"class_list":{"0":"post-1362","1":"product","2":"type-product","3":"status-publish","4":"has-post-thumbnail","6":"product_cat-hombre","7":"product_cat-morrales","8":"product_cat-morrales-hombre","9":"product_cat-morrales-mujer","10":"product_cat-mujer","11":"product_tag-hombre","12":"product_tag-morrales","13":"product_tag-morrales-hombre","14":"product_tag-morrales-mujer","15":"product_tag-mujer","17":"first","18":"instock","19":"shipping-taxable","20":"purchasable","21":"product-type-variable"},"aioseo_notices":[],"_links":{"self":[{"href":"https:\/\/intiqara.com\/en\/wp-json\/wp\/v2\/product\/1362","targetHints":{"allow":["GET"]}}],"collection":[{"href":"https:\/\/intiqara.com\/en\/wp-json\/wp\/v2\/product"}],"about":[{"href":"https:\/\/intiqara.com\/en\/wp-json\/wp\/v2\/types\/product"}],"wp:featuredmedia":[{"embeddable":true,"href":"https:\/\/intiqara.com\/en\/wp-json\/wp\/v2\/media\/2720"}],"wp:attachment":[{"href":"https:\/\/intiqara.com\/en\/wp-json\/wp\/v2\/media?parent=1362"}],"wp:term":[{"taxonomy":"product_brand","embeddable":true,"href":"https:\/\/intiqara.com\/en\/wp-json\/wp\/v2\/product_brand?post=1362"},{"taxonomy":"product_cat","embeddable":true,"href":"https:\/\/intiqara.com\/en\/wp-json\/wp\/v2\/product_cat?post=1362"},{"taxonomy":"product_tag","embeddable":true,"href":"https:\/\/intiqara.com\/en\/wp-json\/wp\/v2\/product_tag?post=1362"}],"curies":[{"name":"wp","href":"https:\/\/api.w.org\/{rel}","templated":true}]}}