{"id":1543,"date":"2025-09-19T18:14:18","date_gmt":"2025-09-19T23:14:18","guid":{"rendered":"https:\/\/intiqara.com\/?post_type=product&#038;p=1543"},"modified":"2026-03-25T23:55:40","modified_gmt":"2026-03-26T04:55:40","slug":"bolso-wayra","status":"publish","type":"product","link":"https:\/\/intiqara.com\/en\/product\/bolso-wayra\/","title":{"rendered":"BOLSO WAYRA"},"content":{"rendered":"<p>\u200b&#8221;Cada Bolso WAYRA es una pieza \u00fanica, confeccionada totalmente a mano con un cuero especial encerado que le otorga un toque distintivo y exclusivo. Este proceso artesanal no solo garantiza la durabilidad, sino que tambi\u00e9n realza la belleza natural del material, permitiendo que desarrolle una p\u00e1tina \u00fanica con el tiempo.&#8221;<\/p>\n<p>&nbsp;<\/p>","protected":false},"excerpt":{"rendered":"<ul>\n<li>\u200bMaterial Exterior: Cuero especial encerado<\/li>\n<li>\u200bDimensiones: \u200bAlto: 15 cm\/ \u200bLargo: 21 cm\/ \u200bAncho: 6 cm<\/li>\n<li>\u200bCorrea: reata estampada 4cm ancho<\/li>\n<li>\u200bHerrajes: Tipo brush<\/li>\n<li>\u200bCaracter\u00edsticas: Confeccionado totalmente a mano, tama\u00f1o peque\u00f1o y pr\u00e1ctico.<\/li>\n<li>\u200bEstilo: Elegante, para uso urbano, de trabajo y en ocasiones especiales.<\/li>\n<li>\u200bManufactura: Artesanal<\/li>\n<li>\u200bMarca: IntiQara<br \/>\n\u200bOrigen: Hecho a mano en Pasto, Nari\u00f1o, Colombia.<\/li>\n<\/ul>","protected":false},"featured_media":2840,"template":"","meta":[],"product_brand":[],"product_cat":[26,217,76],"product_tag":[229,228,70],"class_list":{"0":"post-1543","1":"product","2":"type-product","3":"status-publish","4":"has-post-thumbnail","6":"product_cat-bolsos","7":"product_cat-bolsos-mujer-bolsos","8":"product_cat-mujer","9":"product_tag-bolsos","10":"product_tag-bolsos-mujer","11":"product_tag-mujer","13":"first","14":"instock","15":"shipping-taxable","16":"purchasable","17":"product-type-variable"},"aioseo_notices":[],"_links":{"self":[{"href":"https:\/\/intiqara.com\/en\/wp-json\/wp\/v2\/product\/1543","targetHints":{"allow":["GET"]}}],"collection":[{"href":"https:\/\/intiqara.com\/en\/wp-json\/wp\/v2\/product"}],"about":[{"href":"https:\/\/intiqara.com\/en\/wp-json\/wp\/v2\/types\/product"}],"wp:featuredmedia":[{"embeddable":true,"href":"https:\/\/intiqara.com\/en\/wp-json\/wp\/v2\/media\/2840"}],"wp:attachment":[{"href":"https:\/\/intiqara.com\/en\/wp-json\/wp\/v2\/media?parent=1543"}],"wp:term":[{"taxonomy":"product_brand","embeddable":true,"href":"https:\/\/intiqara.com\/en\/wp-json\/wp\/v2\/product_brand?post=1543"},{"taxonomy":"product_cat","embeddable":true,"href":"https:\/\/intiqara.com\/en\/wp-json\/wp\/v2\/product_cat?post=1543"},{"taxonomy":"product_tag","embeddable":true,"href":"https:\/\/intiqara.com\/en\/wp-json\/wp\/v2\/product_tag?post=1543"}],"curies":[{"name":"wp","href":"https:\/\/api.w.org\/{rel}","templated":true}]}}