{"id":1878,"date":"2025-10-07T12:08:16","date_gmt":"2025-10-07T17:08:16","guid":{"rendered":"https:\/\/intiqara.com\/?post_type=product&#038;p=1878"},"modified":"2026-03-09T18:10:07","modified_gmt":"2026-03-09T23:10:07","slug":"morral-isa","status":"publish","type":"product","link":"https:\/\/intiqara.com\/en\/product\/morral-isa\/","title":{"rendered":"MORRAL ISA"},"content":{"rendered":"<p>&#8220;El Morral ISA de IntiQara ha sido meticulosamente dise\u00f1ado para la vida din\u00e1mica y organizada. Con unas dimensiones pensadas para ser pr\u00e1ctico sin ser voluminoso, el ISA combina la sofisticaci\u00f3n atemporal del cuero con una funcionalidad moderna. Es el morral perfecto para quienes necesitan llevar consigo sus art\u00edculos personales, documentos, cuadernos o libretas. El\u00a0equilibrio perfecto entre estilo compacto y m\u00e1xima capacidad. Tu compa\u00f1ero de cuero genuino ideal para el d\u00eda a d\u00eda, con espacio dedicado para todo lo esencial.&#8221;<\/p>","protected":false},"excerpt":{"rendered":"<ul>\n<li>Material Exterior: Cuero 100% Genuino<\/li>\n<li>\u200bDimensiones:\u200bLargo: 23 cm\/ \u200bAlto: 30 cm\/ \u200bAncho: 12 cm<\/li>\n<li>\u200b2 Compartimientos principales con cierre<\/li>\n<li>\u200b1 Bolsillo frontal con cierre<\/li>\n<li>\u200b1 Bolsillo posterior con cierre<\/li>\n<li>\u00a02 bolsillos laterales<\/li>\n<li>\u200bCorreas: En cuero, ajustables y ergon\u00f3micas.<\/li>\n<li>\u200bHerrajes: Acabado brush<\/li>\n<li>\u200bManufactura: Artesanal<\/li>\n<li>\u200bMarca: IntiQara<\/li>\n<li>\u200bOrigen: Hecho a mano en Pasto, Nari\u00f1o, Colombia<\/li>\n<\/ul>","protected":false},"featured_media":2804,"template":"","meta":[],"product_brand":[],"product_cat":[28,215,76],"product_tag":[231,225,70],"class_list":{"0":"post-1878","1":"product","2":"type-product","3":"status-publish","4":"has-post-thumbnail","6":"product_cat-morrales","7":"product_cat-morrales-mujer","8":"product_cat-mujer","9":"product_tag-morrales","10":"product_tag-morrales-mujer","11":"product_tag-mujer","13":"first","14":"instock","15":"shipping-taxable","16":"purchasable","17":"product-type-variable"},"aioseo_notices":[],"_links":{"self":[{"href":"https:\/\/intiqara.com\/en\/wp-json\/wp\/v2\/product\/1878","targetHints":{"allow":["GET"]}}],"collection":[{"href":"https:\/\/intiqara.com\/en\/wp-json\/wp\/v2\/product"}],"about":[{"href":"https:\/\/intiqara.com\/en\/wp-json\/wp\/v2\/types\/product"}],"wp:featuredmedia":[{"embeddable":true,"href":"https:\/\/intiqara.com\/en\/wp-json\/wp\/v2\/media\/2804"}],"wp:attachment":[{"href":"https:\/\/intiqara.com\/en\/wp-json\/wp\/v2\/media?parent=1878"}],"wp:term":[{"taxonomy":"product_brand","embeddable":true,"href":"https:\/\/intiqara.com\/en\/wp-json\/wp\/v2\/product_brand?post=1878"},{"taxonomy":"product_cat","embeddable":true,"href":"https:\/\/intiqara.com\/en\/wp-json\/wp\/v2\/product_cat?post=1878"},{"taxonomy":"product_tag","embeddable":true,"href":"https:\/\/intiqara.com\/en\/wp-json\/wp\/v2\/product_tag?post=1878"}],"curies":[{"name":"wp","href":"https:\/\/api.w.org\/{rel}","templated":true}]}}