{"id":3475,"date":"2026-03-25T18:58:55","date_gmt":"2026-03-25T23:58:55","guid":{"rendered":"https:\/\/intiqara.com\/?post_type=product&#038;p=3475"},"modified":"2026-03-25T18:59:36","modified_gmt":"2026-03-25T23:59:36","slug":"morral-qullqi-lona","status":"publish","type":"product","link":"https:\/\/intiqara.com\/en\/product\/morral-qullqi-lona\/","title":{"rendered":"MORRAL QULLQI LONA"},"content":{"rendered":"<p>Morral elaborado en lona de alta calidad combinada con detalles en cuero, ideal para un estilo m\u00e1s fresco y vers\u00e1til.<br \/>\nMedidas:<br \/>\nAncho: 27 cm<br \/>\nFuelle: 11 cm<br \/>\nAlto 37 cm<br \/>\nCaracter\u00edsticas:<br \/>\nCompartimento principal con cierre<br \/>\nEspacio interno para port\u00e1til de hasta 14 pulgadas<br \/>\n2 bolsillos frontales con cierre<br \/>\nBolsillo posterior con cierre para objetos de valor<br \/>\nCierres en nylon con acabado en tono dorado o plateado<br \/>\nUna opci\u00f3n c\u00f3moda, ligera y con el equilibrio perfecto entre estilo y funcionalidad.<\/p>","protected":false},"excerpt":{"rendered":"<p>Morral elaborado en lona de alta calidad combinada con detalles en cuero, ideal para un estilo m\u00e1s fresco y vers\u00e1til. Medidas: Ancho: 27 cm Fuelle: 11 cm Alto 37 cm Caracter\u00edsticas: Compartimento principal con cierre Espacio interno para port\u00e1til de hasta 14 pulgadas 2 bolsillos frontales con cierre Bolsillo posterior con cierre para objetos de [&hellip;]<\/p>\n","protected":false},"featured_media":3401,"template":"","meta":[],"product_brand":[],"product_cat":[219,28,215,76],"product_tag":[231,254,255,225,70],"class_list":{"0":"post-3475","1":"product","2":"type-product","3":"status-publish","4":"has-post-thumbnail","6":"product_cat-morral-lona-mujer","7":"product_cat-morrales","8":"product_cat-morrales-mujer","9":"product_cat-mujer","10":"product_tag-morrales","11":"product_tag-morrales-lona","12":"product_tag-morrales-lona-mujer","13":"product_tag-morrales-mujer","14":"product_tag-mujer","16":"first","17":"instock","18":"shipping-taxable","19":"purchasable","20":"product-type-variable"},"aioseo_notices":[],"_links":{"self":[{"href":"https:\/\/intiqara.com\/en\/wp-json\/wp\/v2\/product\/3475","targetHints":{"allow":["GET"]}}],"collection":[{"href":"https:\/\/intiqara.com\/en\/wp-json\/wp\/v2\/product"}],"about":[{"href":"https:\/\/intiqara.com\/en\/wp-json\/wp\/v2\/types\/product"}],"wp:featuredmedia":[{"embeddable":true,"href":"https:\/\/intiqara.com\/en\/wp-json\/wp\/v2\/media\/3401"}],"wp:attachment":[{"href":"https:\/\/intiqara.com\/en\/wp-json\/wp\/v2\/media?parent=3475"}],"wp:term":[{"taxonomy":"product_brand","embeddable":true,"href":"https:\/\/intiqara.com\/en\/wp-json\/wp\/v2\/product_brand?post=3475"},{"taxonomy":"product_cat","embeddable":true,"href":"https:\/\/intiqara.com\/en\/wp-json\/wp\/v2\/product_cat?post=3475"},{"taxonomy":"product_tag","embeddable":true,"href":"https:\/\/intiqara.com\/en\/wp-json\/wp\/v2\/product_tag?post=3475"}],"curies":[{"name":"wp","href":"https:\/\/api.w.org\/{rel}","templated":true}]}}