{"id":815,"date":"2025-06-06T15:32:03","date_gmt":"2025-06-06T20:32:03","guid":{"rendered":"https:\/\/intiqara.com\/?post_type=product&#038;p=815"},"modified":"2026-03-21T12:31:38","modified_gmt":"2026-03-21T17:31:38","slug":"morral-drive","status":"publish","type":"product","link":"https:\/\/intiqara.com\/en\/product\/morral-drive\/","title":{"rendered":"MORRAL DRIVE"},"content":{"rendered":"<p data-sourcepos=\"7:1-7:427\">Prep\u00e1rate para conquistar tu d\u00eda con la mochila &#8220;DRIVE&#8221;, el compa\u00f1ero ideal para la profesional moderna y el aventurero urbano. Confeccionada meticulosamente con <strong>100% cuero genuino <\/strong>, &#8220;DRIVE&#8221; no solo es un s\u00edmbolo de sofisticaci\u00f3n y durabilidad, sino tambi\u00e9n una soluci\u00f3n pr\u00e1ctica para llevar todo lo que necesitas con estilo y organizaci\u00f3n, representando la excelencia artesanal de Pasto, Nari\u00f1o, Colombia.<\/p>\n<p data-sourcepos=\"9:1-9:760\">","protected":false},"excerpt":{"rendered":"<ul>\n<li>Material Exterior: Cuero 100%\u00a0 Genuino<\/li>\n<li>Dimensiones: Alto 38 cm \/ Largo 27 cm \/ Ancho 11 cm<\/li>\n<li>Compartimiento principal con capacidad para port\u00e1til de 14 pulgadas<\/li>\n<li>5 bolsillos externos con cierre<\/li>\n<li>2 bolsillos laterales<\/li>\n<li>1 bolsillo interno con cierre.<\/li>\n<li>Correas de hombro ajustable y acolchada.<\/li>\n<li>Manufactura : Artesanal<\/li>\n<\/ul>","protected":false},"featured_media":2770,"template":"","meta":[],"product_brand":[],"product_cat":[75,28,214,215,76],"product_tag":[69,231,224,225,70],"class_list":{"0":"post-815","1":"product","2":"type-product","3":"status-publish","4":"has-post-thumbnail","6":"product_cat-hombre","7":"product_cat-morrales","8":"product_cat-morrales-hombre","9":"product_cat-morrales-mujer","10":"product_cat-mujer","11":"product_tag-hombre","12":"product_tag-morrales","13":"product_tag-morrales-hombre","14":"product_tag-morrales-mujer","15":"product_tag-mujer","17":"first","18":"instock","19":"shipping-taxable","20":"purchasable","21":"product-type-variable"},"aioseo_notices":[],"_links":{"self":[{"href":"https:\/\/intiqara.com\/en\/wp-json\/wp\/v2\/product\/815","targetHints":{"allow":["GET"]}}],"collection":[{"href":"https:\/\/intiqara.com\/en\/wp-json\/wp\/v2\/product"}],"about":[{"href":"https:\/\/intiqara.com\/en\/wp-json\/wp\/v2\/types\/product"}],"wp:featuredmedia":[{"embeddable":true,"href":"https:\/\/intiqara.com\/en\/wp-json\/wp\/v2\/media\/2770"}],"wp:attachment":[{"href":"https:\/\/intiqara.com\/en\/wp-json\/wp\/v2\/media?parent=815"}],"wp:term":[{"taxonomy":"product_brand","embeddable":true,"href":"https:\/\/intiqara.com\/en\/wp-json\/wp\/v2\/product_brand?post=815"},{"taxonomy":"product_cat","embeddable":true,"href":"https:\/\/intiqara.com\/en\/wp-json\/wp\/v2\/product_cat?post=815"},{"taxonomy":"product_tag","embeddable":true,"href":"https:\/\/intiqara.com\/en\/wp-json\/wp\/v2\/product_tag?post=815"}],"curies":[{"name":"wp","href":"https:\/\/api.w.org\/{rel}","templated":true}]}}