{"id":3093,"date":"2026-02-28T13:01:07","date_gmt":"2026-02-28T18:01:07","guid":{"rendered":"https:\/\/intiqara.com\/?page_id=3093"},"modified":"2026-03-13T10:50:28","modified_gmt":"2026-03-13T15:50:28","slug":"politica-de-envios","status":"publish","type":"page","link":"https:\/\/intiqara.com\/es\/politica-de-envios\/","title":{"rendered":"Pol\u00edtica de Env\u00edos"},"content":{"rendered":"\n<div class=\"wp-block-stackable-text stk-block-text stk-block stk-7151b2e\" data-block-id=\"7151b2e\"><p class=\"stk-block-text__text\">Pol\u00edtica de Env\u00edos<\/p><\/div>\n\n\n\n<div class=\"wp-block-stackable-text stk-block-text stk-block stk-9803247\" data-block-id=\"9803247\"><p class=\"stk-block-text__text\">INTIQARA realiza env\u00edos a todo el territorio colombiano.<\/p><\/div>\n\n\n\n<div class=\"wp-block-stackable-text stk-block-text stk-block stk-77221e4\" data-block-id=\"77221e4\"><p class=\"stk-block-text__text\">Procesamiento de pedidos<\/p><\/div>\n\n\n\n<div class=\"wp-block-stackable-text stk-block-text stk-block stk-2dd1999\" data-block-id=\"2dd1999\"><p class=\"stk-block-text__text\">Todos los pedidos realizados en nuestra p\u00e1gina web est\u00e1n sujetos a verificaci\u00f3n y confirmaci\u00f3n del pago antes de ser preparados y despachados.<\/p><\/div>\n\n\n\n<div class=\"wp-block-stackable-text stk-block-text stk-block stk-5950f67\" data-block-id=\"5950f67\"><p class=\"stk-block-text__text\">Una vez confirmado el pago, el pedido ser\u00e1 preparado y despachado el mismo d\u00eda o al siguiente d\u00eda h\u00e1bil.<\/p><\/div>\n\n\n\n<div class=\"wp-block-stackable-text stk-block-text stk-block stk-5cd425c\" data-block-id=\"5cd425c\"><p class=\"stk-block-text__text\">Tiempos estimados de entrega<\/p><\/div>\n\n\n\n<div class=\"wp-block-stackable-text stk-block-text stk-block stk-8ad32d9\" data-block-id=\"8ad32d9\"><p class=\"stk-block-text__text\">Los tiempos de entrega dependen de la ciudad de destino y de la transportadora encargada del env\u00edo.<\/p><\/div>\n\n\n\n<ul class=\"wp-block-list\">\n<li>Ciudades principales: entre <strong>2 y 5 d\u00edas h\u00e1biles<\/strong>.<\/li>\n\n\n\n<li>Otras ciudades o municipios: entre <strong>3 y 7 d\u00edas h\u00e1biles<\/strong>.<\/li>\n<\/ul>\n\n\n\n<div class=\"wp-block-stackable-text stk-block-text stk-block stk-432c4da\" data-block-id=\"432c4da\"><p class=\"stk-block-text__text\">Estos tiempos pueden variar por factores log\u00edsticos, condiciones clim\u00e1ticas o situaciones externas que afecten la operaci\u00f3n de la transportadora.<\/p><\/div>\n\n\n\n<div class=\"wp-block-stackable-text stk-block-text stk-block stk-a437de7\" data-block-id=\"a437de7\"><p class=\"stk-block-text__text\">Costos de env\u00edo<\/p><\/div>\n\n\n\n<div class=\"wp-block-stackable-text stk-block-text stk-block stk-e4e41ea\" data-block-id=\"e4e41ea\"><p class=\"stk-block-text__text\">El costo del env\u00edo ser\u00e1 calculado durante el proceso de compra y depender\u00e1 de factores como:<\/p><\/div>\n\n\n\n<ul class=\"wp-block-list\">\n<li>Ciudad de destino<\/li>\n\n\n\n<li>Peso o volumen del producto<\/li>\n\n\n\n<li>Transportadora seleccionada<\/li>\n<\/ul>\n\n\n\n<div class=\"wp-block-stackable-text stk-block-text stk-block stk-fee8e4b\" data-block-id=\"fee8e4b\"><p class=\"stk-block-text__text\">Una vez el pedido sea despachado, el cliente podr\u00e1 recibir la informaci\u00f3n de seguimiento cuando la transportadora la proporcione.<\/p><\/div>\n\n\n\n<div class=\"wp-block-stackable-text stk-block-text stk-block stk-890a7e1\" data-block-id=\"890a7e1\"><p class=\"stk-block-text__text\"><\/p><\/div>\n","protected":false},"excerpt":{"rendered":"<p>Pol\u00edtica de Env\u00edos INTIQARA realiza env\u00edos a todo el territorio colombiano. Procesamiento de pedidos Todos los pedidos realizados en nuestra p\u00e1gina web est\u00e1n sujetos a verificaci\u00f3n y confirmaci\u00f3n del pago antes de ser preparados y despachados. Una vez confirmado el pago, el pedido ser\u00e1 preparado y despachado el mismo d\u00eda o al siguiente d\u00eda h\u00e1bil. [&hellip;]<\/p>\n","protected":false},"author":2,"featured_media":0,"parent":0,"menu_order":0,"comment_status":"closed","ping_status":"closed","template":"","meta":{"footnotes":""},"class_list":["post-3093","page","type-page","status-publish","hentry"],"blocksy_meta":[],"aioseo_notices":[],"_hostinger_reach_plugin_has_subscription_block":false,"_hostinger_reach_plugin_is_elementor":false,"_links":{"self":[{"href":"https:\/\/intiqara.com\/es\/wp-json\/wp\/v2\/pages\/3093","targetHints":{"allow":["GET"]}}],"collection":[{"href":"https:\/\/intiqara.com\/es\/wp-json\/wp\/v2\/pages"}],"about":[{"href":"https:\/\/intiqara.com\/es\/wp-json\/wp\/v2\/types\/page"}],"author":[{"embeddable":true,"href":"https:\/\/intiqara.com\/es\/wp-json\/wp\/v2\/users\/2"}],"replies":[{"embeddable":true,"href":"https:\/\/intiqara.com\/es\/wp-json\/wp\/v2\/comments?post=3093"}],"version-history":[{"count":2,"href":"https:\/\/intiqara.com\/es\/wp-json\/wp\/v2\/pages\/3093\/revisions"}],"predecessor-version":[{"id":3372,"href":"https:\/\/intiqara.com\/es\/wp-json\/wp\/v2\/pages\/3093\/revisions\/3372"}],"wp:attachment":[{"href":"https:\/\/intiqara.com\/es\/wp-json\/wp\/v2\/media?parent=3093"}],"curies":[{"name":"wp","href":"https:\/\/api.w.org\/{rel}","templated":true}]}}