{"id":1050,"date":"2025-07-02T11:34:05","date_gmt":"2025-07-02T16:34:05","guid":{"rendered":"https:\/\/intiqara.com\/?post_type=product&#038;p=1050"},"modified":"2026-03-10T18:58:47","modified_gmt":"2026-03-10T23:58:47","slug":"bolso-miski","status":"publish","type":"product","link":"https:\/\/intiqara.com\/es\/product\/bolso-miski\/","title":{"rendered":"BOLSO CANDY"},"content":{"rendered":"<p>\u00a8Presentamos el bolso de Mano\/Bandolera &#8220;Candy&#8221;, una pieza dise\u00f1ada para complementar tu estilo profesional y personal con una elegancia innegable y una funcionalidad superior. Este bolso es la declaraci\u00f3n perfecta de sofisticaci\u00f3n para quienes valoran la calidad, el dise\u00f1o y la practicidad en su d\u00eda d\u00eda.\u00a8<\/p>\n","protected":false},"excerpt":{"rendered":"<ul>\n<li>Dimensiones: Alto 18 cm \/ Largo 24 cm \/ Ancho 6 cm<\/li>\n<li>\u00a02 compartimientos principales con cierre<\/li>\n<li>1 bolsillo posterior con cierre<\/li>\n<li>1 asa de mano superior<\/li>\n<li>\u00a01 correa ajustable y removible para uso bandolera\/cruzado<\/li>\n<li>\u00a0Herrajes: Met\u00e1licos de alta calidad con acabado dorado<\/li>\n<li>\u00a0Capacidad: Ideal para documentos , celular y esenciales diarios<\/li>\n<li>\u00a0Manufactura Artesanal<\/li>\n<\/ul>\n","protected":false},"featured_media":1181,"template":"","meta":[],"product_brand":[],"product_cat":[26,217,76],"product_tag":[229,228,70],"class_list":{"0":"post-1050","1":"product","2":"type-product","3":"status-publish","4":"has-post-thumbnail","6":"product_cat-bolsos","7":"product_cat-bolsos-mujer-bolsos","8":"product_cat-mujer","9":"product_tag-bolsos","10":"product_tag-bolsos-mujer","11":"product_tag-mujer","13":"first","14":"instock","15":"shipping-taxable","16":"purchasable","17":"product-type-variable"},"aioseo_notices":[],"_links":{"self":[{"href":"https:\/\/intiqara.com\/es\/wp-json\/wp\/v2\/product\/1050","targetHints":{"allow":["GET"]}}],"collection":[{"href":"https:\/\/intiqara.com\/es\/wp-json\/wp\/v2\/product"}],"about":[{"href":"https:\/\/intiqara.com\/es\/wp-json\/wp\/v2\/types\/product"}],"wp:featuredmedia":[{"embeddable":true,"href":"https:\/\/intiqara.com\/es\/wp-json\/wp\/v2\/media\/1181"}],"wp:attachment":[{"href":"https:\/\/intiqara.com\/es\/wp-json\/wp\/v2\/media?parent=1050"}],"wp:term":[{"taxonomy":"product_brand","embeddable":true,"href":"https:\/\/intiqara.com\/es\/wp-json\/wp\/v2\/product_brand?post=1050"},{"taxonomy":"product_cat","embeddable":true,"href":"https:\/\/intiqara.com\/es\/wp-json\/wp\/v2\/product_cat?post=1050"},{"taxonomy":"product_tag","embeddable":true,"href":"https:\/\/intiqara.com\/es\/wp-json\/wp\/v2\/product_tag?post=1050"}],"curies":[{"name":"wp","href":"https:\/\/api.w.org\/{rel}","templated":true}]}}