{"id":1652,"date":"2025-10-02T12:31:57","date_gmt":"2025-10-02T17:31:57","guid":{"rendered":"https:\/\/intiqara.com\/?post_type=product&#038;p=1652"},"modified":"2026-03-11T11:51:25","modified_gmt":"2026-03-11T16:51:25","slug":"bolso-inti","status":"publish","type":"product","link":"https:\/\/intiqara.com\/es\/product\/bolso-inti\/","title":{"rendered":"BOLSO INTI"},"content":{"rendered":"<p>Conoce el Mini Morral INTI de IntiQara, la soluci\u00f3n perfecta para llevar solo lo esencial con la m\u00e1xima versatilidad y estilo. Este bolso se caracteriza por su dise\u00f1o inteligente y convertible: puedes usarlo como un c\u00f3modo mini morral para mantener las manos libres, o transformarlo r\u00e1pidamente en un pr\u00e1ctico manos libres cruzado (crossbody), adapt\u00e1ndose a tus necesidades con un simple ajuste.<\/p>\n","protected":false},"excerpt":{"rendered":"<ul>\n<li>Material Exterior: Cuero 100% Genuino<\/li>\n<li>\u200bDimensiones : Alto 20 cm \/ Largo 19 cm \/ Ancho 9 cm<\/li>\n<li>\u200bModos de Uso: Mini Morral y Manos Libres\/Bolso Cruzado<\/li>\n<li>\u200bCompartimentos y Bolsillos:<\/li>\n<li>\u200b2 Compartimientos principales con cierre<\/li>\n<li>\u200b1 Bolsillo interno con cierre (dentro de uno de los compartimientos)<\/li>\n<li>\u200b1 Bolsillo posterior<\/li>\n<li>\u200bCorreas: En cuero, ajustables y convertibles<\/li>\n<li>\u200bManufactura: Artesanal<\/li>\n<li>\u200bMarca: IntiQara<\/li>\n<li>\u200bOrigen: Hecho a mano en Pasto, Nari\u00f1o, Colombia<\/li>\n<\/ul>\n","protected":false},"featured_media":1680,"template":"","meta":[],"product_brand":[],"product_cat":[26,217,28,215,76],"product_tag":[229,228,231,225,70],"class_list":{"0":"post-1652","1":"product","2":"type-product","3":"status-publish","4":"has-post-thumbnail","6":"product_cat-bolsos","7":"product_cat-bolsos-mujer-bolsos","8":"product_cat-morrales","9":"product_cat-morrales-mujer","10":"product_cat-mujer","11":"product_tag-bolsos","12":"product_tag-bolsos-mujer","13":"product_tag-morrales","14":"product_tag-morrales-mujer","15":"product_tag-mujer","17":"first","18":"instock","19":"shipping-taxable","20":"purchasable","21":"product-type-variable"},"aioseo_notices":[],"_links":{"self":[{"href":"https:\/\/intiqara.com\/es\/wp-json\/wp\/v2\/product\/1652","targetHints":{"allow":["GET"]}}],"collection":[{"href":"https:\/\/intiqara.com\/es\/wp-json\/wp\/v2\/product"}],"about":[{"href":"https:\/\/intiqara.com\/es\/wp-json\/wp\/v2\/types\/product"}],"wp:featuredmedia":[{"embeddable":true,"href":"https:\/\/intiqara.com\/es\/wp-json\/wp\/v2\/media\/1680"}],"wp:attachment":[{"href":"https:\/\/intiqara.com\/es\/wp-json\/wp\/v2\/media?parent=1652"}],"wp:term":[{"taxonomy":"product_brand","embeddable":true,"href":"https:\/\/intiqara.com\/es\/wp-json\/wp\/v2\/product_brand?post=1652"},{"taxonomy":"product_cat","embeddable":true,"href":"https:\/\/intiqara.com\/es\/wp-json\/wp\/v2\/product_cat?post=1652"},{"taxonomy":"product_tag","embeddable":true,"href":"https:\/\/intiqara.com\/es\/wp-json\/wp\/v2\/product_tag?post=1652"}],"curies":[{"name":"wp","href":"https:\/\/api.w.org\/{rel}","templated":true}]}}