{"id":1949,"date":"2025-10-07T12:59:21","date_gmt":"2025-10-07T17:59:21","guid":{"rendered":"https:\/\/intiqara.com\/?post_type=product&#038;p=1949"},"modified":"2026-03-25T18:52:55","modified_gmt":"2026-03-25T23:52:55","slug":"bolso-qori","status":"publish","type":"product","link":"https:\/\/intiqara.com\/es\/product\/bolso-qori\/","title":{"rendered":"BOLSO QORI"},"content":{"rendered":"<p>&#8220;El QORI se distingue por su correa tejida, un detalle que a\u00f1ade textura y modernidad, permitiendo un uso c\u00f3modo en modo hombro o cruzado. Adem\u00e1s, para mayor seguridad y discreci\u00f3n, incorpora un bolsillo posterior con cierre, ideal para guardar aquellos art\u00edculos a los que necesitas acceder r\u00e1pidamente, como el tel\u00e9fono o las tarjetas de cr\u00e9dito.&#8221;<\/p>\n","protected":false},"excerpt":{"rendered":"<ul>\n<li>Material Exterior: Cuero 100% Genuino<\/li>\n<li>\u200bDimensiones: \u200bAlto: 15 cm\/\u200bLargo: 21 cm\/\u200bAncho: 6 cm<\/li>\n<li>\u200b2 Compartimientos principales con cierre<\/li>\n<li>\u200b1 Bolsillo posterior con cierre<\/li>\n<li>\u200bCorrea: Tejida, para uso de hombro o cruzado<\/li>\n<li>\u200bHerrajes: Color dorado de alta calidad<\/li>\n<li>\u200bModo de Uso: Bolso de hombro o cruzado<\/li>\n<li>\u200bManufactura: Artesanal<\/li>\n<li>\u200bMarca: IntiQara<\/li>\n<li>\u200bOrigen: Hecho a mano en Pasto, Nari\u00f1o, Colombia<\/li>\n<\/ul>\n","protected":false},"featured_media":1971,"template":"","meta":[],"product_brand":[],"product_cat":[26,217,76],"product_tag":[229,228,70],"class_list":{"0":"post-1949","1":"product","2":"type-product","3":"status-publish","4":"has-post-thumbnail","6":"product_cat-bolsos","7":"product_cat-bolsos-mujer-bolsos","8":"product_cat-mujer","9":"product_tag-bolsos","10":"product_tag-bolsos-mujer","11":"product_tag-mujer","13":"first","14":"instock","15":"shipping-taxable","16":"purchasable","17":"product-type-variable"},"aioseo_notices":[],"_links":{"self":[{"href":"https:\/\/intiqara.com\/es\/wp-json\/wp\/v2\/product\/1949","targetHints":{"allow":["GET"]}}],"collection":[{"href":"https:\/\/intiqara.com\/es\/wp-json\/wp\/v2\/product"}],"about":[{"href":"https:\/\/intiqara.com\/es\/wp-json\/wp\/v2\/types\/product"}],"wp:featuredmedia":[{"embeddable":true,"href":"https:\/\/intiqara.com\/es\/wp-json\/wp\/v2\/media\/1971"}],"wp:attachment":[{"href":"https:\/\/intiqara.com\/es\/wp-json\/wp\/v2\/media?parent=1949"}],"wp:term":[{"taxonomy":"product_brand","embeddable":true,"href":"https:\/\/intiqara.com\/es\/wp-json\/wp\/v2\/product_brand?post=1949"},{"taxonomy":"product_cat","embeddable":true,"href":"https:\/\/intiqara.com\/es\/wp-json\/wp\/v2\/product_cat?post=1949"},{"taxonomy":"product_tag","embeddable":true,"href":"https:\/\/intiqara.com\/es\/wp-json\/wp\/v2\/product_tag?post=1949"}],"curies":[{"name":"wp","href":"https:\/\/api.w.org\/{rel}","templated":true}]}}