{"id":704,"date":"2025-06-02T15:22:33","date_gmt":"2025-06-02T20:22:33","guid":{"rendered":"https:\/\/intiqara.com\/?post_type=product&#038;p=704"},"modified":"2026-03-10T19:08:48","modified_gmt":"2026-03-11T00:08:48","slug":"morral-nina","status":"publish","type":"product","link":"https:\/\/intiqara.com\/es\/product\/morral-nina\/","title":{"rendered":"MORRAL NINA"},"content":{"rendered":"<p>El morral Nina destaca por su dise\u00f1o limpio y si silueta estructurada, que se adapta perfectamente a diversas ocasiones. Su sistema de cierres ofrece seguridad y f\u00e1cil acceso a tus pertenencias. Dise\u00f1ado par la mujer moderna, este morral combina una est\u00e9tica sofisticada convirti\u00e9ndose el compa\u00f1ero perfecto para el uso diario, trabajo y salidas casuales.<\/p>\n","protected":false},"excerpt":{"rendered":"<ul data-sourcepos=\"15:1-26:0\">\n<li data-sourcepos=\"15:1-15:47\"><strong>Material:<\/strong> Cuero de alta calidad<\/li>\n<li data-sourcepos=\"18:1-18:77\"><strong>Compartimento principal:\u00a0<\/strong>3 compartimientos con cierre<\/li>\n<li data-sourcepos=\"18:1-18:77\">1 tapa con \u00edman que reflejan seguridad y estilo<\/li>\n<li data-sourcepos=\"19:1-19:60\">1 bolsillo posterior con cierre<\/li>\n<li data-sourcepos=\"21:1-21:146\"><strong>Correas de hombro:<\/strong> Dos correas ajustables\u00a0 y otra desmontable<\/li>\n<li data-sourcepos=\"22:1-22:63\"><strong>Herraje:<\/strong> Color dorado de alta calidad<\/li>\n<li data-sourcepos=\"24:1-24:63\"><strong>Dise\u00f1o:<\/strong> Estructurado y compacto, ideal para el uso diario<\/li>\n<li data-sourcepos=\"25:1-26:0\"><strong>Versatilidad:<\/strong> M\u00faltiples opciones de transporte gracias a sus correas desmontables<\/li>\n<li data-sourcepos=\"25:1-26:0\">Apto para Tablet<\/li>\n<li data-sourcepos=\"25:1-26:0\">Dimensiones:<\/li>\n<li data-sourcepos=\"25:1-26:0\">Alto: 34 cm<\/li>\n<li data-sourcepos=\"25:1-26:0\">largo: 27 cm<\/li>\n<li data-sourcepos=\"25:1-26:0\">ancho: 11 cm<\/li>\n<\/ul>\n","protected":false},"featured_media":3157,"template":"","meta":[],"product_brand":[],"product_cat":[28,215,76],"product_tag":[231,225,70],"class_list":{"0":"post-704","1":"product","2":"type-product","3":"status-publish","4":"has-post-thumbnail","6":"product_cat-morrales","7":"product_cat-morrales-mujer","8":"product_cat-mujer","9":"product_tag-morrales","10":"product_tag-morrales-mujer","11":"product_tag-mujer","13":"first","14":"instock","15":"shipping-taxable","16":"purchasable","17":"product-type-variable"},"aioseo_notices":[],"_links":{"self":[{"href":"https:\/\/intiqara.com\/es\/wp-json\/wp\/v2\/product\/704","targetHints":{"allow":["GET"]}}],"collection":[{"href":"https:\/\/intiqara.com\/es\/wp-json\/wp\/v2\/product"}],"about":[{"href":"https:\/\/intiqara.com\/es\/wp-json\/wp\/v2\/types\/product"}],"wp:featuredmedia":[{"embeddable":true,"href":"https:\/\/intiqara.com\/es\/wp-json\/wp\/v2\/media\/3157"}],"wp:attachment":[{"href":"https:\/\/intiqara.com\/es\/wp-json\/wp\/v2\/media?parent=704"}],"wp:term":[{"taxonomy":"product_brand","embeddable":true,"href":"https:\/\/intiqara.com\/es\/wp-json\/wp\/v2\/product_brand?post=704"},{"taxonomy":"product_cat","embeddable":true,"href":"https:\/\/intiqara.com\/es\/wp-json\/wp\/v2\/product_cat?post=704"},{"taxonomy":"product_tag","embeddable":true,"href":"https:\/\/intiqara.com\/es\/wp-json\/wp\/v2\/product_tag?post=704"}],"curies":[{"name":"wp","href":"https:\/\/api.w.org\/{rel}","templated":true}]}}