{"id":843,"date":"2025-06-27T14:07:20","date_gmt":"2025-06-27T19:07:20","guid":{"rendered":"https:\/\/intiqara.com\/?post_type=product&#038;p=843"},"modified":"2026-03-13T17:13:03","modified_gmt":"2026-03-13T22:13:03","slug":"morral-qara","status":"publish","type":"product","link":"https:\/\/intiqara.com\/es\/product\/morral-qara\/","title":{"rendered":"MORRAL QARA"},"content":{"rendered":"<blockquote><p>&#8220;El Morral QARA est\u00e1 pensado para la m\u00e1xima organizaci\u00f3n y seguridad de tus pertenencias. Cuenta con un bolsillo principal espacioso, ideal para tus objetos m\u00e1s grandes. La parte delantera incorpora dos cierres delanteros que complementan un acceso seguro bajo una tapa con cierre de im\u00e1n, aportando un toque de distinci\u00f3n y facilidad de uso. Adem\u00e1s, para mayor comodidad y seguridad, incluye un bolsillo posterior de acceso r\u00e1pido y discreto.&#8221;<\/p>\n<p>&nbsp;<\/p><\/blockquote>\n","protected":false},"excerpt":{"rendered":"<ul>\n<li>Dimensiones: Alto 30.5 cm \/ Largo 23 cm \/ Ancho 11 cm<\/li>\n<li>\u00a01 Bolsillo principal con cierre<\/li>\n<li>\u00a02 bolsillos delanteros con cierre<\/li>\n<li>Tapa con broche de im\u00e1n<\/li>\n<li>\u00a0Bolsillo posterior con cierre<\/li>\n<li>\u00a0Correas: Ajustables<\/li>\n<li>Herrajes: Dorado de alta calidad<\/li>\n<li>Manufactura: Artesanal<\/li>\n<\/ul>\n","protected":false},"featured_media":2809,"template":"","meta":[],"product_brand":[],"product_cat":[28,215,76],"product_tag":[231,225,70],"class_list":{"0":"post-843","1":"product","2":"type-product","3":"status-publish","4":"has-post-thumbnail","6":"product_cat-morrales","7":"product_cat-morrales-mujer","8":"product_cat-mujer","9":"product_tag-morrales","10":"product_tag-morrales-mujer","11":"product_tag-mujer","13":"first","14":"instock","15":"shipping-taxable","16":"purchasable","17":"product-type-variable"},"aioseo_notices":[],"_links":{"self":[{"href":"https:\/\/intiqara.com\/es\/wp-json\/wp\/v2\/product\/843","targetHints":{"allow":["GET"]}}],"collection":[{"href":"https:\/\/intiqara.com\/es\/wp-json\/wp\/v2\/product"}],"about":[{"href":"https:\/\/intiqara.com\/es\/wp-json\/wp\/v2\/types\/product"}],"wp:featuredmedia":[{"embeddable":true,"href":"https:\/\/intiqara.com\/es\/wp-json\/wp\/v2\/media\/2809"}],"wp:attachment":[{"href":"https:\/\/intiqara.com\/es\/wp-json\/wp\/v2\/media?parent=843"}],"wp:term":[{"taxonomy":"product_brand","embeddable":true,"href":"https:\/\/intiqara.com\/es\/wp-json\/wp\/v2\/product_brand?post=843"},{"taxonomy":"product_cat","embeddable":true,"href":"https:\/\/intiqara.com\/es\/wp-json\/wp\/v2\/product_cat?post=843"},{"taxonomy":"product_tag","embeddable":true,"href":"https:\/\/intiqara.com\/es\/wp-json\/wp\/v2\/product_tag?post=843"}],"curies":[{"name":"wp","href":"https:\/\/api.w.org\/{rel}","templated":true}]}}